{"id":1188,"date":"2025-02-05T17:04:02","date_gmt":"2025-02-05T17:04:02","guid":{"rendered":"https:\/\/pendulumlaboratorio.com\/?page_id=1188"},"modified":"2025-02-05T17:06:30","modified_gmt":"2025-02-05T17:06:30","slug":"disclaimer","status":"publish","type":"page","link":"https:\/\/pendulumlaboratorio.com\/en\/disclaimer\/","title":{"rendered":"Disclaimer"},"content":{"rendered":"<div data-elementor-type=\"wp-page\" data-elementor-id=\"1188\" class=\"elementor elementor-1188\" data-elementor-post-type=\"page\">\n\t\t\t\t<div class=\"elementor-element elementor-element-29ac7ddb e-con-full e-flex wpr-particle-no wpr-jarallax-no wpr-parallax-no wpr-sticky-section-no e-con e-parent\" data-id=\"29ac7ddb\" data-element_type=\"container\">\n\t\t<div class=\"elementor-element elementor-element-4d58c357 e-con-full e-flex wpr-particle-no wpr-jarallax-no wpr-parallax-no wpr-sticky-section-no e-con e-child\" data-id=\"4d58c357\" data-element_type=\"container\">\n\t\t\t\t<div class=\"elementor-element elementor-element-3833f326 wpr-main-menu-align-left wpr-main-menu-align--tabletleft wpr-main-menu-align--mobileleft wpr-pointer-underline wpr-pointer-line-fx wpr-pointer-fx-fade wpr-sub-icon-caret-down wpr-sub-menu-fx-fade wpr-nav-menu-bp-mobile wpr-mobile-menu-full-width wpr-mobile-menu-item-align-center wpr-mobile-toggle-v1 wpr-sub-divider-yes wpr-mobile-divider-yes elementor-widget elementor-widget-wpr-nav-menu\" data-id=\"3833f326\" data-element_type=\"widget\" data-settings=\"{&quot;menu_layout&quot;:&quot;horizontal&quot;}\" data-widget_type=\"wpr-nav-menu.default\">\n\t\t\t\t<div class=\"elementor-widget-container\">\n\t\t\t\t\t<nav class=\"wpr-nav-menu-container wpr-nav-menu-horizontal\" data-trigger=\"hover\"><ul id=\"menu-1-3833f326\" class=\"wpr-nav-menu\"><li class=\"menu-item menu-item-type-post_type menu-item-object-page menu-item-home menu-item-678\"><a href=\"https:\/\/pendulumlaboratorio.com\/en\/\" class=\"wpr-menu-item wpr-pointer-item menu-link\">Homepage<\/a><\/li>\n<li class=\"menu-item menu-item-type-post_type menu-item-object-page menu-item-679\"><a href=\"https:\/\/pendulumlaboratorio.com\/en\/about\/\" class=\"wpr-menu-item wpr-pointer-item menu-link\">About<\/a><\/li>\n<li class=\"menu-item menu-item-type-post_type menu-item-object-page menu-item-680\"><a href=\"https:\/\/pendulumlaboratorio.com\/en\/servizi\/\" class=\"wpr-menu-item wpr-pointer-item menu-link\">Services<\/a><\/li>\n<li class=\"menu-item menu-item-type-post_type menu-item-object-page menu-item-681\"><a href=\"https:\/\/pendulumlaboratorio.com\/en\/faq\/\" class=\"wpr-menu-item wpr-pointer-item menu-link\">FAQ<\/a><\/li>\n<li class=\"menu-item menu-item-type-post_type menu-item-object-page menu-item-857\"><a href=\"https:\/\/pendulumlaboratorio.com\/en\/contact-us\/\" class=\"wpr-menu-item wpr-pointer-item menu-link\">Contact us<\/a><\/li>\n<\/ul><\/nav><nav class=\"wpr-mobile-nav-menu-container\"><div class=\"wpr-mobile-toggle-wrap\"><div class=\"wpr-mobile-toggle\"><span class=\"wpr-mobile-toggle-line\"><\/span><span class=\"wpr-mobile-toggle-line\"><\/span><span class=\"wpr-mobile-toggle-line\"><\/span><\/div><\/div><ul id=\"mobile-menu-2-3833f326\" class=\"wpr-mobile-nav-menu\"><li class=\"menu-item menu-item-type-post_type menu-item-object-page menu-item-home menu-item-678\"><a href=\"https:\/\/pendulumlaboratorio.com\/en\/\" class=\"wpr-mobile-menu-item menu-link\">Homepage<\/a><\/li>\n<li class=\"menu-item menu-item-type-post_type menu-item-object-page menu-item-679\"><a href=\"https:\/\/pendulumlaboratorio.com\/en\/about\/\" class=\"wpr-mobile-menu-item menu-link\">About<\/a><\/li>\n<li class=\"menu-item menu-item-type-post_type menu-item-object-page menu-item-680\"><a href=\"https:\/\/pendulumlaboratorio.com\/en\/servizi\/\" class=\"wpr-mobile-menu-item menu-link\">Services<\/a><\/li>\n<li class=\"menu-item menu-item-type-post_type menu-item-object-page menu-item-681\"><a href=\"https:\/\/pendulumlaboratorio.com\/en\/faq\/\" class=\"wpr-mobile-menu-item menu-link\">FAQ<\/a><\/li>\n<li class=\"menu-item menu-item-type-post_type menu-item-object-page menu-item-857\"><a href=\"https:\/\/pendulumlaboratorio.com\/en\/contact-us\/\" class=\"wpr-mobile-menu-item menu-link\">Contact us<\/a><\/li>\n<\/ul><\/nav>\t\t\t\t<\/div>\n\t\t\t\t<\/div>\n\t\t\t\t<\/div>\n\t\t<div class=\"elementor-element elementor-element-6e6e222a e-con-full e-flex wpr-particle-no wpr-jarallax-no wpr-parallax-no wpr-sticky-section-no e-con e-child\" data-id=\"6e6e222a\" data-element_type=\"container\">\n\t\t\t\t<div class=\"elementor-element elementor-element-31737a97 elementor-widget elementor-widget-button\" data-id=\"31737a97\" data-element_type=\"widget\" data-settings=\"{&quot;sticky&quot;:&quot;top&quot;,&quot;sticky_offset&quot;:15,&quot;sticky_on&quot;:[&quot;desktop&quot;,&quot;tablet&quot;,&quot;mobile&quot;],&quot;sticky_effects_offset&quot;:0}\" data-widget_type=\"button.default\">\n\t\t\t\t<div class=\"elementor-widget-container\">\n\t\t\t\t\t\t\t\t\t<div class=\"elementor-button-wrapper\">\n\t\t\t\t\t<a class=\"elementor-button elementor-button-link elementor-size-sm\" href=\"https:\/\/api.whatsapp.com\/send?phone=347%207670913\">\n\t\t\t\t\t\t<span class=\"elementor-button-content-wrapper\">\n\t\t\t\t\t\t<span class=\"elementor-button-icon\">\n\t\t\t\t<svg aria-hidden=\"true\" class=\"e-font-icon-svg e-fab-whatsapp\" viewbox=\"0 0 448 512\" xmlns=\"http:\/\/www.w3.org\/2000\/svg\"><path d=\"M380.9 97.1C339 55.1 283.2 32 223.9 32c-122.4 0-222 99.6-222 222 0 39.1 10.2 77.3 29.6 111L0 480l117.7-30.9c32.4 17.7 68.9 27 106.1 27h.1c122.3 0 224.1-99.6 224.1-222 0-59.3-25.2-115-67.1-157zm-157 341.6c-33.2 0-65.7-8.9-94-25.7l-6.7-4-69.8 18.3L72 359.2l-4.4-7c-18.5-29.4-28.2-63.3-28.2-98.2 0-101.7 82.8-184.5 184.6-184.5 49.3 0 95.6 19.2 130.4 54.1 34.8 34.9 56.2 81.2 56.1 130.5 0 101.8-84.9 184.6-186.6 184.6zm101.2-138.2c-5.5-2.8-32.8-16.2-37.9-18-5.1-1.9-8.8-2.8-12.5 2.8-3.7 5.6-14.3 18-17.6 21.8-3.2 3.7-6.5 4.2-12 1.4-32.6-16.3-54-29.1-75.5-66-5.7-9.8 5.7-9.1 16.3-30.3 1.8-3.7.9-6.9-.5-9.7-1.4-2.8-12.5-30.1-17.1-41.2-4.5-10.8-9.1-9.3-12.5-9.5-3.2-.2-6.9-.2-10.6-.2-3.7 0-9.7 1.4-14.8 6.9-5.1 5.6-19.4 19-19.4 46.3 0 27.3 19.9 53.7 22.6 57.4 2.8 3.7 39.1 59.7 94.8 83.8 35.2 15.2 49 16.5 66.6 13.9 10.7-1.6 32.8-13.4 37.4-26.4 4.6-13 4.6-24.1 3.2-26.4-1.3-2.5-5-3.9-10.5-6.6z\"><\/path><\/svg>\t\t\t<\/span>\n\t\t\t\t\t\t\t\t<\/span>\n\t\t\t\t\t<\/a>\n\t\t\t\t<\/div>\n\t\t\t\t\t\t\t\t<\/div>\n\t\t\t\t<\/div>\n\t\t\t\t<\/div>\n\t\t\t\t<\/div>\n\t\t<div class=\"elementor-element elementor-element-b47563f e-flex e-con-boxed wpr-particle-no wpr-jarallax-no wpr-parallax-no wpr-sticky-section-no e-con e-parent\" data-id=\"b47563f\" data-element_type=\"container\">\n\t\t\t\t\t<div class=\"e-con-inner\">\n\t\t\t\t<div class=\"elementor-element elementor-element-4450bb4 elementor-widget elementor-widget-heading\" data-id=\"4450bb4\" data-element_type=\"widget\" data-widget_type=\"heading.default\">\n\t\t\t\t<div class=\"elementor-widget-container\">\n\t\t\t\t\t<h2 class=\"elementor-heading-title elementor-size-default\">Disclaimer<\/h2>\t\t\t\t<\/div>\n\t\t\t\t<\/div>\n\t\t\t\t<div class=\"elementor-element elementor-element-1200dbe elementor-widget elementor-widget-text-editor\" data-id=\"1200dbe\" data-element_type=\"widget\" data-widget_type=\"text-editor.default\">\n\t\t\t\t<div class=\"elementor-widget-container\">\n\t\t\t\t\t\t\t\t\t<h1>Disclaimer e Limitazione di Responsabilit\u00e0<\/h1><div><br><\/div>\n<p><strong>1. Informazioni a Scopo Meramente Informativo<\/strong><br>I contenuti presenti sul sito <strong>pendulumlaboratorio.com<\/strong> sono forniti esclusivamente a scopo informativo e non costituiscono in alcun modo consulenza professionale, legale, tecnica o di altro tipo. Pur impegnandoci a mantenere le informazioni aggiornate e corrette, non garantiamo l\u2019accuratezza, la completezza o l\u2019aggiornamento delle stesse.<\/p>\n<p><strong>2. Esclusione di Responsabilit\u00e0 per Danni<\/strong><br>L\u2019uso del sito e delle informazioni in esso contenute avviene a totale rischio e responsabilit\u00e0 dell\u2019utente. In nessun caso <strong>Pendulum Laboratorio<\/strong> potr\u00e0 essere ritenuto responsabile per danni diretti, indiretti, incidentali, consequenziali o di altro genere derivanti dall\u2019uso o dall\u2019impossibilit\u00e0 di utilizzare il sito, anche in presenza di eventuali errori, omissioni o inesattezze nei contenuti.<\/p>\n<p><strong>3. Link a Siti di Terzi<\/strong><br>Il sito potrebbe contenere link a risorse esterne e siti di terzi. Tali collegamenti sono forniti solo per comodit\u00e0 degli utenti e non implicano in alcun modo un\u2019approvazione o una responsabilit\u00e0 per il contenuto di tali siti. <strong>Pendulum Laboratorio<\/strong> non ha alcun controllo sui contenuti esterni e non potr\u00e0 essere ritenuto responsabile per danni o inconvenienti derivanti dall\u2019accesso o dall\u2019utilizzo degli stessi.<\/p>\n<p><strong>4. Variazioni e Modifiche<\/strong><br><strong>Pendulum Laboratorio<\/strong> si riserva il diritto di modificare in qualsiasi momento, senza preavviso, il presente disclaimer, nonch\u00e9 i contenuti e le modalit\u00e0 di funzionamento del sito. Gli utenti sono invitati a consultare periodicamente questa sezione per verificare eventuali aggiornamenti.<\/p>\n<p><strong>5. Nessun Vincolo Contrattuale<\/strong><br>L\u2019accesso e l\u2019utilizzo del sito non creano alcun rapporto contrattuale o di agenzia tra l\u2019utente e <strong>Pendulum Laboratorio<\/strong>. L\u2019utente \u00e8 responsabile dell\u2019interpretazione e dell\u2019uso dei contenuti presenti sul sito, senza che questi possano in alcun modo essere considerati una garanzia o un impegno da parte nostra.<\/p>\n<p><strong>6. Esclusione di Garanzie<\/strong><br>Il sito \u00e8 fornito \u201ccos\u00ec com\u2019\u00e8\u201d e \u201ccon tutte le sue componenti\u201d, senza alcuna garanzia, espressa o implicita, di idoneit\u00e0 all\u2019uso, nonch\u00e9 senza alcuna garanzia relativamente alla disponibilit\u00e0, accuratezza, affidabilit\u00e0 o tempestivit\u00e0 delle informazioni contenute.<\/p>\t\t\t\t\t\t\t\t<\/div>\n\t\t\t\t<\/div>\n\t\t\t\t\t<\/div>\n\t\t\t\t<\/div>\n\t\t\t\t<\/div>","protected":false},"excerpt":{"rendered":"<p>Homepage About Servizi FAQ Contact us Homepage About Servizi FAQ Contact us Disclaimer Disclaimer e Limitazione di Responsabilit\u00e0 1. Informazioni a Scopo Meramente InformativoI contenuti presenti sul sito pendulumlaboratorio.com sono forniti esclusivamente a scopo informativo e non costituiscono in alcun modo consulenza professionale, legale, tecnica o di altro tipo. Pur impegnandoci a mantenere le informazioni aggiornate e corrette, non garantiamo l\u2019accuratezza, la completezza o l\u2019aggiornamento delle stesse. 2. Esclusione di Responsabilit\u00e0 per DanniL\u2019uso del sito e delle informazioni in esso contenute avviene a totale rischio e responsabilit\u00e0 dell\u2019utente. In nessun caso Pendulum Laboratorio potr\u00e0 essere ritenuto responsabile per danni diretti, indiretti, incidentali, consequenziali o di altro genere derivanti dall\u2019uso o dall\u2019impossibilit\u00e0 di utilizzare il sito, anche in presenza di eventuali errori, omissioni o inesattezze nei contenuti. 3. Link a Siti di TerziIl sito potrebbe contenere link a risorse esterne e siti di terzi. Tali collegamenti sono forniti solo per comodit\u00e0 degli utenti e non implicano in alcun modo un\u2019approvazione o una responsabilit\u00e0 per il contenuto di tali siti. Pendulum Laboratorio non ha alcun controllo sui contenuti esterni e non potr\u00e0 essere ritenuto responsabile per danni o inconvenienti derivanti dall\u2019accesso o dall\u2019utilizzo degli stessi. 4. Variazioni e ModifichePendulum Laboratorio si riserva il diritto di modificare in qualsiasi momento, senza preavviso, il presente disclaimer, nonch\u00e9 i contenuti e le modalit\u00e0 di funzionamento del sito. Gli utenti sono invitati a consultare periodicamente questa sezione per verificare eventuali aggiornamenti. 5. Nessun Vincolo ContrattualeL\u2019accesso e l\u2019utilizzo del sito non creano alcun rapporto contrattuale o di agenzia tra l\u2019utente e Pendulum Laboratorio. L\u2019utente \u00e8 responsabile dell\u2019interpretazione e dell\u2019uso dei contenuti presenti sul sito, senza che questi possano in alcun modo essere considerati una garanzia o un impegno da parte nostra. 6. Esclusione di GaranzieIl sito \u00e8 fornito \u201ccos\u00ec com\u2019\u00e8\u201d e \u201ccon tutte le sue componenti\u201d, senza alcuna garanzia, espressa o implicita, di idoneit\u00e0 all\u2019uso, nonch\u00e9 senza alcuna garanzia relativamente alla disponibilit\u00e0, accuratezza, affidabilit\u00e0 o tempestivit\u00e0 delle informazioni contenute.<\/p>","protected":false},"author":1,"featured_media":0,"parent":0,"menu_order":0,"comment_status":"closed","ping_status":"closed","template":"elementor_canvas","meta":{"site-sidebar-layout":"no-sidebar","site-content-layout":"","ast-site-content-layout":"full-width-container","site-content-style":"default","site-sidebar-style":"default","ast-global-header-display":"","ast-banner-title-visibility":"","ast-main-header-display":"","ast-hfb-above-header-display":"","ast-hfb-below-header-display":"","ast-hfb-mobile-header-display":"","site-post-title":"","ast-breadcrumbs-content":"","ast-featured-img":"disabled","footer-sml-layout":"","theme-transparent-header-meta":"","adv-header-id-meta":"","stick-header-meta":"","header-above-stick-meta":"","header-main-stick-meta":"","header-below-stick-meta":"","astra-migrate-meta-layouts":"default","ast-page-background-enabled":"default","ast-page-background-meta":{"desktop":{"background-color":"var(--ast-global-color-4)","background-image":"","background-repeat":"repeat","background-position":"center center","background-size":"auto","background-attachment":"scroll","background-type":"","background-media":"","overlay-type":"","overlay-color":"","overlay-opacity":"","overlay-gradient":""},"tablet":{"background-color":"","background-image":"","background-repeat":"repeat","background-position":"center center","background-size":"auto","background-attachment":"scroll","background-type":"","background-media":"","overlay-type":"","overlay-color":"","overlay-opacity":"","overlay-gradient":""},"mobile":{"background-color":"","background-image":"","background-repeat":"repeat","background-position":"center center","background-size":"auto","background-attachment":"scroll","background-type":"","background-media":"","overlay-type":"","overlay-color":"","overlay-opacity":"","overlay-gradient":""}},"ast-content-background-meta":{"desktop":{"background-color":"var(--ast-global-color-5)","background-image":"","background-repeat":"repeat","background-position":"center center","background-size":"auto","background-attachment":"scroll","background-type":"","background-media":"","overlay-type":"","overlay-color":"","overlay-opacity":"","overlay-gradient":""},"tablet":{"background-color":"var(--ast-global-color-5)","background-image":"","background-repeat":"repeat","background-position":"center center","background-size":"auto","background-attachment":"scroll","background-type":"","background-media":"","overlay-type":"","overlay-color":"","overlay-opacity":"","overlay-gradient":""},"mobile":{"background-color":"var(--ast-global-color-5)","background-image":"","background-repeat":"repeat","background-position":"center center","background-size":"auto","background-attachment":"scroll","background-type":"","background-media":"","overlay-type":"","overlay-color":"","overlay-opacity":"","overlay-gradient":""}},"footnotes":""},"class_list":["post-1188","page","type-page","status-publish","hentry"],"yoast_head":"<!-- This site is optimized with the Yoast SEO plugin v24.0 - https:\/\/yoast.com\/wordpress\/plugins\/seo\/ -->\n<title>Disclaimer - Pendulum Laboratorio<\/title>\n<meta name=\"robots\" content=\"index, follow, max-snippet:-1, max-image-preview:large, max-video-preview:-1\" \/>\n<link rel=\"canonical\" href=\"https:\/\/pendulumlaboratorio.com\/en\/disclaimer\/\" \/>\n<meta property=\"og:locale\" content=\"en_US\" \/>\n<meta property=\"og:type\" content=\"article\" \/>\n<meta property=\"og:title\" content=\"Disclaimer - Pendulum Laboratorio\" \/>\n<meta property=\"og:description\" content=\"Homepage About Servizi FAQ Contact us Homepage About Servizi FAQ Contact us Disclaimer Disclaimer e Limitazione di Responsabilit\u00e0 1. Informazioni a Scopo Meramente InformativoI contenuti presenti sul sito pendulumlaboratorio.com sono forniti esclusivamente a scopo informativo e non costituiscono in alcun modo consulenza professionale, legale, tecnica o di altro tipo. Pur impegnandoci a mantenere le informazioni aggiornate e corrette, non garantiamo l\u2019accuratezza, la completezza o l\u2019aggiornamento delle stesse. 2. Esclusione di Responsabilit\u00e0 per DanniL\u2019uso del sito e delle informazioni in esso contenute avviene a totale rischio e responsabilit\u00e0 dell\u2019utente. In nessun caso Pendulum Laboratorio potr\u00e0 essere ritenuto responsabile per danni diretti, indiretti, incidentali, consequenziali o di altro genere derivanti dall\u2019uso o dall\u2019impossibilit\u00e0 di utilizzare il sito, anche in presenza di eventuali errori, omissioni o inesattezze nei contenuti. 3. Link a Siti di TerziIl sito potrebbe contenere link a risorse esterne e siti di terzi. Tali collegamenti sono forniti solo per comodit\u00e0 degli utenti e non implicano in alcun modo un\u2019approvazione o una responsabilit\u00e0 per il contenuto di tali siti. Pendulum Laboratorio non ha alcun controllo sui contenuti esterni e non potr\u00e0 essere ritenuto responsabile per danni o inconvenienti derivanti dall\u2019accesso o dall\u2019utilizzo degli stessi. 4. Variazioni e ModifichePendulum Laboratorio si riserva il diritto di modificare in qualsiasi momento, senza preavviso, il presente disclaimer, nonch\u00e9 i contenuti e le modalit\u00e0 di funzionamento del sito. Gli utenti sono invitati a consultare periodicamente questa sezione per verificare eventuali aggiornamenti. 5. Nessun Vincolo ContrattualeL\u2019accesso e l\u2019utilizzo del sito non creano alcun rapporto contrattuale o di agenzia tra l\u2019utente e Pendulum Laboratorio. L\u2019utente \u00e8 responsabile dell\u2019interpretazione e dell\u2019uso dei contenuti presenti sul sito, senza che questi possano in alcun modo essere considerati una garanzia o un impegno da parte nostra. 6. Esclusione di GaranzieIl sito \u00e8 fornito \u201ccos\u00ec com\u2019\u00e8\u201d e \u201ccon tutte le sue componenti\u201d, senza alcuna garanzia, espressa o implicita, di idoneit\u00e0 all\u2019uso, nonch\u00e9 senza alcuna garanzia relativamente alla disponibilit\u00e0, accuratezza, affidabilit\u00e0 o tempestivit\u00e0 delle informazioni contenute.\" \/>\n<meta property=\"og:url\" content=\"https:\/\/pendulumlaboratorio.com\/en\/disclaimer\/\" \/>\n<meta property=\"og:site_name\" content=\"Pendulum Laboratorio\" \/>\n<meta property=\"article:modified_time\" content=\"2025-02-05T17:06:30+00:00\" \/>\n<meta name=\"twitter:card\" content=\"summary_large_image\" \/>\n<meta name=\"twitter:label1\" content=\"Est. reading time\" \/>\n\t<meta name=\"twitter:data1\" content=\"2 minutes\" \/>\n<script type=\"application\/ld+json\" class=\"yoast-schema-graph\">{\"@context\":\"https:\/\/schema.org\",\"@graph\":[{\"@type\":\"WebPage\",\"@id\":\"https:\/\/pendulumlaboratorio.com\/disclaimer\/\",\"url\":\"https:\/\/pendulumlaboratorio.com\/disclaimer\/\",\"name\":\"Disclaimer - Pendulum Laboratorio\",\"isPartOf\":{\"@id\":\"https:\/\/pendulumlaboratorio.com\/#website\"},\"datePublished\":\"2025-02-05T17:04:02+00:00\",\"dateModified\":\"2025-02-05T17:06:30+00:00\",\"breadcrumb\":{\"@id\":\"https:\/\/pendulumlaboratorio.com\/disclaimer\/#breadcrumb\"},\"inLanguage\":\"en-US\",\"potentialAction\":[{\"@type\":\"ReadAction\",\"target\":[\"https:\/\/pendulumlaboratorio.com\/disclaimer\/\"]}]},{\"@type\":\"BreadcrumbList\",\"@id\":\"https:\/\/pendulumlaboratorio.com\/disclaimer\/#breadcrumb\",\"itemListElement\":[{\"@type\":\"ListItem\",\"position\":1,\"name\":\"Home\",\"item\":\"https:\/\/pendulumlaboratorio.com\/\"},{\"@type\":\"ListItem\",\"position\":2,\"name\":\"Disclaimer\"}]},{\"@type\":\"WebSite\",\"@id\":\"https:\/\/pendulumlaboratorio.com\/#website\",\"url\":\"https:\/\/pendulumlaboratorio.com\/\",\"name\":\"Pendulum Laboratorio\",\"description\":\"\",\"potentialAction\":[{\"@type\":\"SearchAction\",\"target\":{\"@type\":\"EntryPoint\",\"urlTemplate\":\"https:\/\/pendulumlaboratorio.com\/?s={search_term_string}\"},\"query-input\":{\"@type\":\"PropertyValueSpecification\",\"valueRequired\":true,\"valueName\":\"search_term_string\"}}],\"inLanguage\":\"en-US\"}]}<\/script>\n<!-- \/ Yoast SEO plugin. -->","yoast_head_json":{"title":"Disclaimer - Pendulum Laboratorio","robots":{"index":"index","follow":"follow","max-snippet":"max-snippet:-1","max-image-preview":"max-image-preview:large","max-video-preview":"max-video-preview:-1"},"canonical":"https:\/\/pendulumlaboratorio.com\/en\/disclaimer\/","og_locale":"en_US","og_type":"article","og_title":"Disclaimer - Pendulum Laboratorio","og_description":"Homepage About Servizi FAQ Contact us Homepage About Servizi FAQ Contact us Disclaimer Disclaimer e Limitazione di Responsabilit\u00e0 1. Informazioni a Scopo Meramente InformativoI contenuti presenti sul sito pendulumlaboratorio.com sono forniti esclusivamente a scopo informativo e non costituiscono in alcun modo consulenza professionale, legale, tecnica o di altro tipo. Pur impegnandoci a mantenere le informazioni aggiornate e corrette, non garantiamo l\u2019accuratezza, la completezza o l\u2019aggiornamento delle stesse. 2. Esclusione di Responsabilit\u00e0 per DanniL\u2019uso del sito e delle informazioni in esso contenute avviene a totale rischio e responsabilit\u00e0 dell\u2019utente. In nessun caso Pendulum Laboratorio potr\u00e0 essere ritenuto responsabile per danni diretti, indiretti, incidentali, consequenziali o di altro genere derivanti dall\u2019uso o dall\u2019impossibilit\u00e0 di utilizzare il sito, anche in presenza di eventuali errori, omissioni o inesattezze nei contenuti. 3. Link a Siti di TerziIl sito potrebbe contenere link a risorse esterne e siti di terzi. Tali collegamenti sono forniti solo per comodit\u00e0 degli utenti e non implicano in alcun modo un\u2019approvazione o una responsabilit\u00e0 per il contenuto di tali siti. Pendulum Laboratorio non ha alcun controllo sui contenuti esterni e non potr\u00e0 essere ritenuto responsabile per danni o inconvenienti derivanti dall\u2019accesso o dall\u2019utilizzo degli stessi. 4. Variazioni e ModifichePendulum Laboratorio si riserva il diritto di modificare in qualsiasi momento, senza preavviso, il presente disclaimer, nonch\u00e9 i contenuti e le modalit\u00e0 di funzionamento del sito. Gli utenti sono invitati a consultare periodicamente questa sezione per verificare eventuali aggiornamenti. 5. Nessun Vincolo ContrattualeL\u2019accesso e l\u2019utilizzo del sito non creano alcun rapporto contrattuale o di agenzia tra l\u2019utente e Pendulum Laboratorio. L\u2019utente \u00e8 responsabile dell\u2019interpretazione e dell\u2019uso dei contenuti presenti sul sito, senza che questi possano in alcun modo essere considerati una garanzia o un impegno da parte nostra. 6. Esclusione di GaranzieIl sito \u00e8 fornito \u201ccos\u00ec com\u2019\u00e8\u201d e \u201ccon tutte le sue componenti\u201d, senza alcuna garanzia, espressa o implicita, di idoneit\u00e0 all\u2019uso, nonch\u00e9 senza alcuna garanzia relativamente alla disponibilit\u00e0, accuratezza, affidabilit\u00e0 o tempestivit\u00e0 delle informazioni contenute.","og_url":"https:\/\/pendulumlaboratorio.com\/en\/disclaimer\/","og_site_name":"Pendulum Laboratorio","article_modified_time":"2025-02-05T17:06:30+00:00","twitter_card":"summary_large_image","twitter_misc":{"Est. reading time":"2 minutes"},"schema":{"@context":"https:\/\/schema.org","@graph":[{"@type":"WebPage","@id":"https:\/\/pendulumlaboratorio.com\/disclaimer\/","url":"https:\/\/pendulumlaboratorio.com\/disclaimer\/","name":"Disclaimer - Pendulum Laboratorio","isPartOf":{"@id":"https:\/\/pendulumlaboratorio.com\/#website"},"datePublished":"2025-02-05T17:04:02+00:00","dateModified":"2025-02-05T17:06:30+00:00","breadcrumb":{"@id":"https:\/\/pendulumlaboratorio.com\/disclaimer\/#breadcrumb"},"inLanguage":"en-US","potentialAction":[{"@type":"ReadAction","target":["https:\/\/pendulumlaboratorio.com\/disclaimer\/"]}]},{"@type":"BreadcrumbList","@id":"https:\/\/pendulumlaboratorio.com\/disclaimer\/#breadcrumb","itemListElement":[{"@type":"ListItem","position":1,"name":"Home","item":"https:\/\/pendulumlaboratorio.com\/"},{"@type":"ListItem","position":2,"name":"Disclaimer"}]},{"@type":"WebSite","@id":"https:\/\/pendulumlaboratorio.com\/#website","url":"https:\/\/pendulumlaboratorio.com\/","name":"Pendulum Laboratorio","description":"","potentialAction":[{"@type":"SearchAction","target":{"@type":"EntryPoint","urlTemplate":"https:\/\/pendulumlaboratorio.com\/?s={search_term_string}"},"query-input":{"@type":"PropertyValueSpecification","valueRequired":true,"valueName":"search_term_string"}}],"inLanguage":"en-US"}]}},"_links":{"self":[{"href":"https:\/\/pendulumlaboratorio.com\/en\/wp-json\/wp\/v2\/pages\/1188","targetHints":{"allow":["GET"]}}],"collection":[{"href":"https:\/\/pendulumlaboratorio.com\/en\/wp-json\/wp\/v2\/pages"}],"about":[{"href":"https:\/\/pendulumlaboratorio.com\/en\/wp-json\/wp\/v2\/types\/page"}],"author":[{"embeddable":true,"href":"https:\/\/pendulumlaboratorio.com\/en\/wp-json\/wp\/v2\/users\/1"}],"replies":[{"embeddable":true,"href":"https:\/\/pendulumlaboratorio.com\/en\/wp-json\/wp\/v2\/comments?post=1188"}],"version-history":[{"count":7,"href":"https:\/\/pendulumlaboratorio.com\/en\/wp-json\/wp\/v2\/pages\/1188\/revisions"}],"predecessor-version":[{"id":1195,"href":"https:\/\/pendulumlaboratorio.com\/en\/wp-json\/wp\/v2\/pages\/1188\/revisions\/1195"}],"wp:attachment":[{"href":"https:\/\/pendulumlaboratorio.com\/en\/wp-json\/wp\/v2\/media?parent=1188"}],"curies":[{"name":"wp","href":"https:\/\/api.w.org\/{rel}","templated":true}]}}